{"id":956,"date":"2021-07-02T10:15:13","date_gmt":"2021-07-02T10:15:13","guid":{"rendered":"https:\/\/web1.grupolanao.com\/?page_id=956"},"modified":"2021-07-27T08:51:02","modified_gmt":"2021-07-27T08:51:02","slug":"ayudas-a-ganaderias","status":"publish","type":"page","link":"https:\/\/texigan.com\/?page_id=956","title":{"rendered":"Ayudas a Ganader\u00eda"},"content":{"rendered":"<p>[et_pb_section fb_built=\u00bb1&#8243; fullwidth=\u00bbon\u00bb _builder_version=\u00bb4.6.6&#8243; _module_preset=\u00bbdefault\u00bb][et_pb_fullwidth_image src=\u00bbhttps:\/\/texigan.com\/wp-content\/uploads\/2021\/07\/banner_ayuda3.jpg\u00bb alt=\u00bbAyudas a ganader\u00eda\u00bb title_text=\u00bbbanner_ayuda3&#8243; _builder_version=\u00bb4.6.6&#8243; _module_preset=\u00bbdefault\u00bb][\/et_pb_fullwidth_image][\/et_pb_section][et_pb_section fb_built=\u00bb1&#8243; fullwidth=\u00bbon\u00bb _builder_version=\u00bb4.6.6&#8243; _module_preset=\u00bbdefault\u00bb][et_pb_fullwidth_image src=\u00bbhttps:\/\/texigan.com\/wp-content\/uploads\/2021\/07\/ayuda.jpg\u00bb alt=\u00bbAyudas a ganaderos\u00bb title_text=\u00bbayuda\u00bb _builder_version=\u00bb4.6.6&#8243; _module_preset=\u00bbdefault\u00bb][\/et_pb_fullwidth_image][\/et_pb_section][et_pb_section fb_built=\u00bb1&#8243; use_custom_gutter=\u00bbon\u00bb gutter_width=\u00bb1&#8243; specialty=\u00bbon\u00bb background_color_1=\u00bb#a6a487&#8243; padding_top_bottom_link_1=\u00bbtrue\u00bb padding_left_right_link_1=\u00bbtrue\u00bb padding_top_1=\u00bb80px\u00bb padding_right_1=\u00bb6vw\u00bb padding_bottom_1=\u00bb80px\u00bb padding_left_1=\u00bb6vw\u00bb padding_1_tablet=\u00bb|10%||10%||true\u00bb padding_1_phone=\u00bb\u00bb padding_1_last_edited=\u00bbon|phone\u00bb admin_label=\u00bbFooter Section\u00bb module_id=\u00bbcontacto\u00bb module_class=\u00bb et_pb_specialty_fullwidth\u00bb _builder_version=\u00bb4.6.6&#8243; inner_width=\u00bb100%\u00bb inner_width_tablet=\u00bb100%\u00bb inner_width_phone=\u00bb\u00bb inner_width_last_edited=\u00bbon|desktop\u00bb inner_max_width=\u00bb100%\u00bb inner_max_width_tablet=\u00bb100%\u00bb inner_max_width_phone=\u00bb\u00bb inner_max_width_last_edited=\u00bbon|desktop\u00bb custom_padding=\u00bb0px||0px||true\u00bb make_fullwidth=\u00bbon\u00bb saved_tabs=\u00bball\u00bb][et_pb_column type=\u00bb1_2&#8243; _builder_version=\u00bb3.25&#8243; background_color=\u00bb#ffb400&#8243; custom_padding=\u00bb|||\u00bb padding_tablet=\u00bb|10%||10%||true\u00bb padding_last_edited=\u00bbon|phone\u00bb custom_padding__hover=\u00bb|||\u00bb][et_pb_text _builder_version=\u00bb4.6.6&#8243; text_font=\u00bb||||||||\u00bb text_text_color=\u00bb#000000&#8243; header_font=\u00bb||||||||\u00bb header_2_font=\u00bbRubik|700|||||||\u00bb header_2_text_color=\u00bb#edb734&#8243; header_2_font_size=\u00bb42px\u00bb header_2_line_height=\u00bb1.2em\u00bb custom_margin=\u00bb|||\u00bb custom_padding=\u00bb|||\u00bb header_2_font_size_tablet=\u00bb\u00bb header_2_font_size_phone=\u00bb36px\u00bb header_2_font_size_last_edited=\u00bbon|phone\u00bb locked=\u00bboff\u00bb]<\/p>\n<h2><span style=\"color: #4e5957;\">Contacta<\/span><\/h2>\n<p>[\/et_pb_text][et_pb_divider color=\u00bb#edb734&#8243; divider_position=\u00bbcenter\u00bb divider_weight=\u00bb5px\u00bb _builder_version=\u00bb4.6.6&#8243; max_width=\u00bb50px\u00bb border_color_all=\u00bb#f43a09&#8243; locked=\u00bboff\u00bb][\/et_pb_divider][et_pb_contact_form email=\u00bbadministracion@texigan.com\u00bb submit_button_text=\u00bbEnviar\u00bb module_id=\u00bbet_pb_contact_form_0&#8243; _builder_version=\u00bb4.6.6&#8243; form_field_background_color=\u00bb#ffffff\u00bb title_font=\u00bb||||||||\u00bb captcha_text_color=\u00bb#ffffff\u00bb form_field_font=\u00bb||||||||\u00bb form_field_font_size=\u00bb14px\u00bb form_field_line_height=\u00bb1.8em\u00bb custom_button=\u00bbon\u00bb button_text_size=\u00bb14px\u00bb button_text_color=\u00bb#ffffff\u00bb button_border_width=\u00bb4px\u00bb button_border_radius=\u00bb0px\u00bb button_letter_spacing=\u00bb4px\u00bb button_font=\u00bbRubik|700||on|||||\u00bb button_icon=\u00bb%%3%%\u00bb custom_margin=\u00bb30px||30px||true\u00bb custom_margin_last_edited=\u00bboff|desktop\u00bb form_background_color=\u00bb#ffffff\u00bb locked=\u00bboff\u00bb button_text_color_hover=\u00bb#ffb400&#8243; button_bg_color_hover=\u00bb#ffffff\u00bb button_border_color_hover=\u00bb#ffffff\u00bb][et_pb_contact_field field_id=\u00bbNombre\u00bb field_title=\u00bbNombre*\u00bb _builder_version=\u00bb4.6.6&#8243; button_text_size__hover_enabled=\u00bboff\u00bb button_one_text_size__hover_enabled=\u00bboff\u00bb button_two_text_size__hover_enabled=\u00bboff\u00bb button_text_color__hover_enabled=\u00bboff\u00bb button_one_text_color__hover_enabled=\u00bboff\u00bb button_two_text_color__hover_enabled=\u00bboff\u00bb button_border_width__hover_enabled=\u00bboff\u00bb button_one_border_width__hover_enabled=\u00bboff\u00bb button_two_border_width__hover_enabled=\u00bboff\u00bb button_border_color__hover_enabled=\u00bboff\u00bb button_one_border_color__hover_enabled=\u00bboff\u00bb button_two_border_color__hover_enabled=\u00bboff\u00bb button_border_radius__hover_enabled=\u00bboff\u00bb button_one_border_radius__hover_enabled=\u00bboff\u00bb button_two_border_radius__hover_enabled=\u00bboff\u00bb button_letter_spacing__hover_enabled=\u00bboff\u00bb button_one_letter_spacing__hover_enabled=\u00bboff\u00bb button_two_letter_spacing__hover_enabled=\u00bboff\u00bb button_bg_color__hover_enabled=\u00bboff\u00bb button_one_bg_color__hover_enabled=\u00bboff\u00bb button_two_bg_color__hover_enabled=\u00bboff\u00bb][\/et_pb_contact_field][et_pb_contact_field field_id=\u00bbTelefono\u00bb field_title=\u00bbTel\u00e9fono\u00bb required_mark=\u00bboff\u00bb _builder_version=\u00bb4.6.6&#8243; button_text_size__hover_enabled=\u00bboff\u00bb button_one_text_size__hover_enabled=\u00bboff\u00bb button_two_text_size__hover_enabled=\u00bboff\u00bb button_text_color__hover_enabled=\u00bboff\u00bb button_one_text_color__hover_enabled=\u00bboff\u00bb button_two_text_color__hover_enabled=\u00bboff\u00bb button_border_width__hover_enabled=\u00bboff\u00bb button_one_border_width__hover_enabled=\u00bboff\u00bb button_two_border_width__hover_enabled=\u00bboff\u00bb button_border_color__hover_enabled=\u00bboff\u00bb button_one_border_color__hover_enabled=\u00bboff\u00bb button_two_border_color__hover_enabled=\u00bboff\u00bb button_border_radius__hover_enabled=\u00bboff\u00bb button_one_border_radius__hover_enabled=\u00bboff\u00bb button_two_border_radius__hover_enabled=\u00bboff\u00bb button_letter_spacing__hover_enabled=\u00bboff\u00bb button_one_letter_spacing__hover_enabled=\u00bboff\u00bb button_two_letter_spacing__hover_enabled=\u00bboff\u00bb button_bg_color__hover_enabled=\u00bboff\u00bb button_one_bg_color__hover_enabled=\u00bboff\u00bb button_two_bg_color__hover_enabled=\u00bboff\u00bb][\/et_pb_contact_field][et_pb_contact_field field_id=\u00bbEmail\u00bb field_title=\u00bbEmail*\u00bb field_type=\u00bbemail\u00bb fullwidth_field=\u00bbon\u00bb _builder_version=\u00bb4.6.6&#8243; button_text_size__hover_enabled=\u00bboff\u00bb button_one_text_size__hover_enabled=\u00bboff\u00bb button_two_text_size__hover_enabled=\u00bboff\u00bb button_text_color__hover_enabled=\u00bboff\u00bb button_one_text_color__hover_enabled=\u00bboff\u00bb button_two_text_color__hover_enabled=\u00bboff\u00bb button_border_width__hover_enabled=\u00bboff\u00bb button_one_border_width__hover_enabled=\u00bboff\u00bb button_two_border_width__hover_enabled=\u00bboff\u00bb button_border_color__hover_enabled=\u00bboff\u00bb button_one_border_color__hover_enabled=\u00bboff\u00bb button_two_border_color__hover_enabled=\u00bboff\u00bb button_border_radius__hover_enabled=\u00bboff\u00bb button_one_border_radius__hover_enabled=\u00bboff\u00bb button_two_border_radius__hover_enabled=\u00bboff\u00bb button_letter_spacing__hover_enabled=\u00bboff\u00bb button_one_letter_spacing__hover_enabled=\u00bboff\u00bb button_two_letter_spacing__hover_enabled=\u00bboff\u00bb button_bg_color__hover_enabled=\u00bboff\u00bb button_one_bg_color__hover_enabled=\u00bboff\u00bb button_two_bg_color__hover_enabled=\u00bboff\u00bb][\/et_pb_contact_field][et_pb_contact_field field_id=\u00bbMensaje\u00bb field_title=\u00bbMensaje\u00bb field_type=\u00bbtext\u00bb fullwidth_field=\u00bbon\u00bb _builder_version=\u00bb4.6.6&#8243; button_text_size__hover_enabled=\u00bboff\u00bb button_one_text_size__hover_enabled=\u00bboff\u00bb button_two_text_size__hover_enabled=\u00bboff\u00bb button_text_color__hover_enabled=\u00bboff\u00bb button_one_text_color__hover_enabled=\u00bboff\u00bb button_two_text_color__hover_enabled=\u00bboff\u00bb button_border_width__hover_enabled=\u00bboff\u00bb button_one_border_width__hover_enabled=\u00bboff\u00bb button_two_border_width__hover_enabled=\u00bboff\u00bb button_border_color__hover_enabled=\u00bboff\u00bb button_one_border_color__hover_enabled=\u00bboff\u00bb button_two_border_color__hover_enabled=\u00bboff\u00bb button_border_radius__hover_enabled=\u00bboff\u00bb button_one_border_radius__hover_enabled=\u00bboff\u00bb button_two_border_radius__hover_enabled=\u00bboff\u00bb button_letter_spacing__hover_enabled=\u00bboff\u00bb button_one_letter_spacing__hover_enabled=\u00bboff\u00bb button_two_letter_spacing__hover_enabled=\u00bboff\u00bb button_bg_color__hover_enabled=\u00bboff\u00bb button_one_bg_color__hover_enabled=\u00bboff\u00bb button_two_bg_color__hover_enabled=\u00bboff\u00bb][\/et_pb_contact_field][\/et_pb_contact_form][\/et_pb_column][et_pb_column type=\u00bb1_2&#8243; specialty_columns=\u00bb2&#8243; _builder_version=\u00bb3.25&#8243; custom_padding=\u00bb|||\u00bb custom_padding__hover=\u00bb|||\u00bb][et_pb_row_inner _builder_version=\u00bb4.6.6&#8243; background_color=\u00bb#edb734&#8243; custom_margin=\u00bb|||\u00bb custom_padding=\u00bb0px||0px||true\u00bb animation_style=\u00bbslide\u00bb animation_direction=\u00bbtop\u00bb animation_intensity_slide=\u00bb10%\u00bb][et_pb_column_inner saved_specialty_column_type=\u00bb1_2&#8243; _builder_version=\u00bb3.25&#8243; custom_padding=\u00bb|||\u00bb custom_padding__hover=\u00bb|||\u00bb][et_pb_social_media_follow disabled_on=\u00bboff|off|off\u00bb _builder_version=\u00bb4.6.6&#8243; text_orientation=\u00bbcenter\u00bb custom_padding=\u00bb40px||40px||true\u00bb locked=\u00bboff\u00bb][et_pb_social_media_follow_network social_network=\u00bbfacebook\u00bb url=\u00bbhttps:\/\/www.facebook.com\/Rafihome.Lonastextilesganaderas\u00bb _builder_version=\u00bb4.6.6&#8243; custom_padding=\u00bb|10px||10px||true\u00bb follow_button=\u00bboff\u00bb url_new_window=\u00bbon\u00bb]facebook[\/et_pb_social_media_follow_network][\/et_pb_social_media_follow][\/et_pb_column_inner][\/et_pb_row_inner][et_pb_row_inner column_structure=\u00bb1_2,1_2&#8243; custom_padding_last_edited=\u00bbon|desktop\u00bb _builder_version=\u00bb3.25&#8243; custom_padding=\u00bb80px|6vw|80px|6vw|true|true\u00bb custom_padding_tablet=\u00bb|3vw||3vw||true\u00bb custom_padding_phone=\u00bb\u00bb][et_pb_column_inner type=\u00bb1_2&#8243; saved_specialty_column_type=\u00bb1_2&#8243; _builder_version=\u00bb3.25&#8243; custom_padding=\u00bb|||\u00bb custom_padding__hover=\u00bb|||\u00bb][et_pb_blurb title=\u00bbTienda \/ Exposici\u00f3n\u00bb use_icon=\u00bbon\u00bb font_icon=\u00bb%%249%%\u00bb icon_color=\u00bb#666666&#8243; icon_placement=\u00bbleft\u00bb content_max_width=\u00bb1100px\u00bb use_icon_font_size=\u00bbon\u00bb icon_font_size=\u00bb18px\u00bb _builder_version=\u00bb4.6.6&#8243; header_font=\u00bbRubik||||||||\u00bb header_font_size=\u00bb16px\u00bb header_line_height=\u00bb1.2em\u00bb body_font=\u00bb||||||||\u00bb module_alignment=\u00bbcenter\u00bb custom_margin=\u00bb||20px|\u00bb animation=\u00bboff\u00bb locked=\u00bboff\u00bb]<\/p>\n<p>Pol\u00edgono Industrial San Roque<br \/> C\/ Carpinteros 31, 14.460 Dos Torres<br \/> C\u00f3rdoba<\/p>\n<p>[\/et_pb_blurb][et_pb_blurb use_icon=\u00bbon\u00bb font_icon=\u00bb%%264%%\u00bb icon_color=\u00bb#666666&#8243; icon_placement=\u00bbleft\u00bb content_max_width=\u00bb1100px\u00bb use_icon_font_size=\u00bbon\u00bb icon_font_size=\u00bb18px\u00bb _builder_version=\u00bb4.6.6&#8243; header_font=\u00bbRubik||||||||\u00bb header_font_size=\u00bb16px\u00bb header_line_height=\u00bb1.2em\u00bb body_font=\u00bb||||||||\u00bb module_alignment=\u00bbcenter\u00bb custom_margin=\u00bb||20px|\u00bb animation=\u00bboff\u00bb locked=\u00bboff\u00bb]<\/p>\n<p><span>637 755 074 \u2013\u00a0675 537 007<\/span><\/p>\n<p>[\/et_pb_blurb][et_pb_blurb use_icon=\u00bbon\u00bb font_icon=\u00bb%%264%%\u00bb icon_color=\u00bb#666666&#8243; icon_placement=\u00bbleft\u00bb content_max_width=\u00bb1100px\u00bb use_icon_font_size=\u00bbon\u00bb icon_font_size=\u00bb18px\u00bb _builder_version=\u00bb4.6.6&#8243; header_font=\u00bbRubik||||||||\u00bb header_font_size=\u00bb16px\u00bb header_line_height=\u00bb1.2em\u00bb body_font=\u00bb||||||||\u00bb module_alignment=\u00bbcenter\u00bb custom_margin=\u00bb||20px|\u00bb animation=\u00bboff\u00bb locked=\u00bboff\u00bb]<\/p>\n<p><span>957 134 316 \u2013\u00a0957 773 161<\/span><\/p>\n<p>[\/et_pb_blurb][\/et_pb_column_inner][et_pb_column_inner type=\u00bb1_2&#8243; saved_specialty_column_type=\u00bb1_2&#8243; _builder_version=\u00bb3.25&#8243; custom_padding=\u00bb|||\u00bb custom_padding__hover=\u00bb|||\u00bb][et_pb_blurb title=\u00bbF\u00e1brica\u00bb use_icon=\u00bbon\u00bb font_icon=\u00bb%%249%%\u00bb icon_color=\u00bb#666666&#8243; icon_placement=\u00bbleft\u00bb content_max_width=\u00bb1100px\u00bb use_icon_font_size=\u00bbon\u00bb icon_font_size=\u00bb18px\u00bb _builder_version=\u00bb4.6.6&#8243; header_font=\u00bbRubik||||||||\u00bb header_font_size=\u00bb16px\u00bb header_line_height=\u00bb1.2em\u00bb body_font=\u00bb||||||||\u00bb module_alignment=\u00bbcenter\u00bb custom_margin=\u00bb||20px|\u00bb animation=\u00bboff\u00bb locked=\u00bboff\u00bb]<\/p>\n<p>Pol\u00edgono Industrial San Roque<br \/> C\/ Hortelanos 45, 14.460 Dos Torres<br \/> C\u00f3rdoba<\/p>\n<p>[\/et_pb_blurb][et_pb_blurb use_icon=\u00bbon\u00bb font_icon=\u00bb%%264%%\u00bb icon_color=\u00bb#666666&#8243; icon_placement=\u00bbleft\u00bb content_max_width=\u00bb1100px\u00bb use_icon_font_size=\u00bbon\u00bb icon_font_size=\u00bb18px\u00bb _builder_version=\u00bb4.6.6&#8243; header_font=\u00bbRubik||||||||\u00bb header_font_size=\u00bb16px\u00bb header_line_height=\u00bb1.2em\u00bb body_font=\u00bb||||||||\u00bb module_alignment=\u00bbcenter\u00bb custom_margin=\u00bb||20px|\u00bb animation=\u00bboff\u00bb locked=\u00bboff\u00bb]<\/p>\n<p><span>637 755 074<\/span><\/p>\n<p>[\/et_pb_blurb][et_pb_blurb use_icon=\u00bbon\u00bb font_icon=\u00bb%%264%%\u00bb icon_color=\u00bb#666666&#8243; icon_placement=\u00bbleft\u00bb content_max_width=\u00bb1100px\u00bb use_icon_font_size=\u00bbon\u00bb icon_font_size=\u00bb18px\u00bb _builder_version=\u00bb4.6.6&#8243; header_font=\u00bbRubik||||||||\u00bb header_font_size=\u00bb16px\u00bb header_line_height=\u00bb1.2em\u00bb body_font=\u00bb||||||||\u00bb module_alignment=\u00bbcenter\u00bb custom_margin=\u00bb||20px|\u00bb animation=\u00bboff\u00bb locked=\u00bboff\u00bb]<\/p>\n<p><span>957 134 316<\/span><\/p>\n<p>[\/et_pb_blurb][\/et_pb_column_inner][\/et_pb_row_inner][\/et_pb_column][\/et_pb_section]<\/p>\n","protected":false},"excerpt":{"rendered":"<p>ContactaPol\u00edgono Industrial San Roque C\/ Carpinteros 31, 14.460 Dos Torres C\u00f3rdoba637 755 074 \u2013\u00a0675 537 007957 134 316 \u2013\u00a0957 773 161Pol\u00edgono Industrial San Roque C\/ Hortelanos 45, 14.460 Dos Torres C\u00f3rdoba637 755 074957 134 316<\/p>\n","protected":false},"author":1,"featured_media":0,"parent":0,"menu_order":0,"comment_status":"closed","ping_status":"closed","template":"","meta":{"_et_pb_use_builder":"on","_et_pb_old_content":"","_et_gb_content_width":"","footnotes":""},"class_list":["post-956","page","type-page","status-publish","hentry"],"yoast_head":"<!-- This site is optimized with the Yoast SEO plugin v27.3 - https:\/\/yoast.com\/product\/yoast-seo-wordpress\/ -->\n<title>Ayudas a ganader\u00edas para la mejora energ\u00e9tica | Texigan<\/title>\n<meta name=\"description\" content=\"Ayudas a ganader\u00edas para la mejora energ\u00e9tica. Cubre hasta el 30% de la inversi\u00f3n, la cual deber\u00e1 de ser inferior a 5000\u20ac.\" \/>\n<meta name=\"robots\" content=\"index, follow, max-snippet:-1, max-image-preview:large, max-video-preview:-1\" \/>\n<link rel=\"canonical\" href=\"https:\/\/texigan.com\/?page_id=956\" \/>\n<meta property=\"og:locale\" content=\"es_ES\" \/>\n<meta property=\"og:type\" content=\"article\" \/>\n<meta property=\"og:title\" content=\"Ayudas a ganader\u00edas para la mejora energ\u00e9tica | Texigan\" \/>\n<meta property=\"og:description\" content=\"Ayudas a ganader\u00edas para la mejora energ\u00e9tica. Cubre hasta el 30% de la inversi\u00f3n, la cual deber\u00e1 de ser inferior a 5000\u20ac.\" \/>\n<meta property=\"og:url\" content=\"https:\/\/texigan.com\/?page_id=956\" \/>\n<meta property=\"og:site_name\" content=\"TEXIGAN\" \/>\n<meta property=\"article:publisher\" content=\"https:\/\/www.facebook.com\/Rafihome.Lonastextilesganaderas\" \/>\n<meta property=\"article:modified_time\" content=\"2021-07-27T08:51:02+00:00\" \/>\n<meta property=\"og:image\" content=\"https:\/\/texigan.com\/wp-content\/uploads\/2021\/07\/ayuda.jpg\" \/>\n\t<meta property=\"og:image:width\" content=\"1131\" \/>\n\t<meta property=\"og:image:height\" content=\"1364\" \/>\n\t<meta property=\"og:image:type\" content=\"image\/jpeg\" \/>\n<meta name=\"twitter:card\" content=\"summary_large_image\" \/>\n<meta name=\"twitter:title\" content=\"Ayudas a ganader\u00edas para la mejora energ\u00e9tica | Texigan\" \/>\n<meta name=\"twitter:image\" content=\"https:\/\/texigan.com\/wp-content\/uploads\/2021\/07\/banner_ayuda3.jpg\" \/>\n<meta name=\"twitter:label1\" content=\"Tiempo de lectura\" \/>\n\t<meta name=\"twitter:data1\" content=\"8 minutos\" \/>\n<script type=\"application\/ld+json\" class=\"yoast-schema-graph\">{\"@context\":\"https:\\\/\\\/schema.org\",\"@graph\":[{\"@type\":\"WebPage\",\"@id\":\"https:\\\/\\\/texigan.com\\\/?page_id=956\",\"url\":\"https:\\\/\\\/texigan.com\\\/?page_id=956\",\"name\":\"Ayudas a ganader\u00edas para la mejora energ\u00e9tica | Texigan\",\"isPartOf\":{\"@id\":\"https:\\\/\\\/texigan.com\\\/#website\"},\"datePublished\":\"2021-07-02T10:15:13+00:00\",\"dateModified\":\"2021-07-27T08:51:02+00:00\",\"description\":\"Ayudas a ganader\u00edas para la mejora energ\u00e9tica. Cubre hasta el 30% de la inversi\u00f3n, la cual deber\u00e1 de ser inferior a 5000\u20ac.\",\"breadcrumb\":{\"@id\":\"https:\\\/\\\/texigan.com\\\/?page_id=956#breadcrumb\"},\"inLanguage\":\"es\",\"potentialAction\":[{\"@type\":\"ReadAction\",\"target\":[\"https:\\\/\\\/texigan.com\\\/?page_id=956\"]}]},{\"@type\":\"BreadcrumbList\",\"@id\":\"https:\\\/\\\/texigan.com\\\/?page_id=956#breadcrumb\",\"itemListElement\":[{\"@type\":\"ListItem\",\"position\":1,\"name\":\"Portada\",\"item\":\"https:\\\/\\\/texigan.com\\\/\"},{\"@type\":\"ListItem\",\"position\":2,\"name\":\"Ayudas a Ganader\u00eda\"}]},{\"@type\":\"WebSite\",\"@id\":\"https:\\\/\\\/texigan.com\\\/#website\",\"url\":\"https:\\\/\\\/texigan.com\\\/\",\"name\":\"TEXIGAN\",\"description\":\"Todo tipo de elaboraciones textiles especiales.\",\"publisher\":{\"@id\":\"https:\\\/\\\/texigan.com\\\/#organization\"},\"potentialAction\":[{\"@type\":\"SearchAction\",\"target\":{\"@type\":\"EntryPoint\",\"urlTemplate\":\"https:\\\/\\\/texigan.com\\\/?s={search_term_string}\"},\"query-input\":{\"@type\":\"PropertyValueSpecification\",\"valueRequired\":true,\"valueName\":\"search_term_string\"}}],\"inLanguage\":\"es\"},{\"@type\":\"Organization\",\"@id\":\"https:\\\/\\\/texigan.com\\\/#organization\",\"name\":\"Texigan\",\"url\":\"https:\\\/\\\/texigan.com\\\/\",\"logo\":{\"@type\":\"ImageObject\",\"inLanguage\":\"es\",\"@id\":\"https:\\\/\\\/texigan.com\\\/#\\\/schema\\\/logo\\\/image\\\/\",\"url\":\"https:\\\/\\\/texigan.com\\\/wp-content\\\/uploads\\\/2020\\\/11\\\/logo-texigan.png\",\"contentUrl\":\"https:\\\/\\\/texigan.com\\\/wp-content\\\/uploads\\\/2020\\\/11\\\/logo-texigan.png\",\"width\":2123,\"height\":1094,\"caption\":\"Texigan\"},\"image\":{\"@id\":\"https:\\\/\\\/texigan.com\\\/#\\\/schema\\\/logo\\\/image\\\/\"},\"sameAs\":[\"https:\\\/\\\/www.facebook.com\\\/Rafihome.Lonastextilesganaderas\",\"https:\\\/\\\/www.instagram.com\\\/texigan_rafihome\\\/\"]}]}<\/script>\n<!-- \/ Yoast SEO plugin. -->","yoast_head_json":{"title":"Ayudas a ganader\u00edas para la mejora energ\u00e9tica | Texigan","description":"Ayudas a ganader\u00edas para la mejora energ\u00e9tica. Cubre hasta el 30% de la inversi\u00f3n, la cual deber\u00e1 de ser inferior a 5000\u20ac.","robots":{"index":"index","follow":"follow","max-snippet":"max-snippet:-1","max-image-preview":"max-image-preview:large","max-video-preview":"max-video-preview:-1"},"canonical":"https:\/\/texigan.com\/?page_id=956","og_locale":"es_ES","og_type":"article","og_title":"Ayudas a ganader\u00edas para la mejora energ\u00e9tica | Texigan","og_description":"Ayudas a ganader\u00edas para la mejora energ\u00e9tica. Cubre hasta el 30% de la inversi\u00f3n, la cual deber\u00e1 de ser inferior a 5000\u20ac.","og_url":"https:\/\/texigan.com\/?page_id=956","og_site_name":"TEXIGAN","article_publisher":"https:\/\/www.facebook.com\/Rafihome.Lonastextilesganaderas","article_modified_time":"2021-07-27T08:51:02+00:00","og_image":[{"width":1131,"height":1364,"url":"https:\/\/texigan.com\/wp-content\/uploads\/2021\/07\/ayuda.jpg","type":"image\/jpeg"}],"twitter_card":"summary_large_image","twitter_title":"Ayudas a ganader\u00edas para la mejora energ\u00e9tica | Texigan","twitter_image":"https:\/\/texigan.com\/wp-content\/uploads\/2021\/07\/banner_ayuda3.jpg","twitter_misc":{"Tiempo de lectura":"8 minutos"},"schema":{"@context":"https:\/\/schema.org","@graph":[{"@type":"WebPage","@id":"https:\/\/texigan.com\/?page_id=956","url":"https:\/\/texigan.com\/?page_id=956","name":"Ayudas a ganader\u00edas para la mejora energ\u00e9tica | Texigan","isPartOf":{"@id":"https:\/\/texigan.com\/#website"},"datePublished":"2021-07-02T10:15:13+00:00","dateModified":"2021-07-27T08:51:02+00:00","description":"Ayudas a ganader\u00edas para la mejora energ\u00e9tica. Cubre hasta el 30% de la inversi\u00f3n, la cual deber\u00e1 de ser inferior a 5000\u20ac.","breadcrumb":{"@id":"https:\/\/texigan.com\/?page_id=956#breadcrumb"},"inLanguage":"es","potentialAction":[{"@type":"ReadAction","target":["https:\/\/texigan.com\/?page_id=956"]}]},{"@type":"BreadcrumbList","@id":"https:\/\/texigan.com\/?page_id=956#breadcrumb","itemListElement":[{"@type":"ListItem","position":1,"name":"Portada","item":"https:\/\/texigan.com\/"},{"@type":"ListItem","position":2,"name":"Ayudas a Ganader\u00eda"}]},{"@type":"WebSite","@id":"https:\/\/texigan.com\/#website","url":"https:\/\/texigan.com\/","name":"TEXIGAN","description":"Todo tipo de elaboraciones textiles especiales.","publisher":{"@id":"https:\/\/texigan.com\/#organization"},"potentialAction":[{"@type":"SearchAction","target":{"@type":"EntryPoint","urlTemplate":"https:\/\/texigan.com\/?s={search_term_string}"},"query-input":{"@type":"PropertyValueSpecification","valueRequired":true,"valueName":"search_term_string"}}],"inLanguage":"es"},{"@type":"Organization","@id":"https:\/\/texigan.com\/#organization","name":"Texigan","url":"https:\/\/texigan.com\/","logo":{"@type":"ImageObject","inLanguage":"es","@id":"https:\/\/texigan.com\/#\/schema\/logo\/image\/","url":"https:\/\/texigan.com\/wp-content\/uploads\/2020\/11\/logo-texigan.png","contentUrl":"https:\/\/texigan.com\/wp-content\/uploads\/2020\/11\/logo-texigan.png","width":2123,"height":1094,"caption":"Texigan"},"image":{"@id":"https:\/\/texigan.com\/#\/schema\/logo\/image\/"},"sameAs":["https:\/\/www.facebook.com\/Rafihome.Lonastextilesganaderas","https:\/\/www.instagram.com\/texigan_rafihome\/"]}]}},"_links":{"self":[{"href":"https:\/\/texigan.com\/index.php?rest_route=\/wp\/v2\/pages\/956","targetHints":{"allow":["GET"]}}],"collection":[{"href":"https:\/\/texigan.com\/index.php?rest_route=\/wp\/v2\/pages"}],"about":[{"href":"https:\/\/texigan.com\/index.php?rest_route=\/wp\/v2\/types\/page"}],"author":[{"embeddable":true,"href":"https:\/\/texigan.com\/index.php?rest_route=\/wp\/v2\/users\/1"}],"replies":[{"embeddable":true,"href":"https:\/\/texigan.com\/index.php?rest_route=%2Fwp%2Fv2%2Fcomments&post=956"}],"version-history":[{"count":6,"href":"https:\/\/texigan.com\/index.php?rest_route=\/wp\/v2\/pages\/956\/revisions"}],"predecessor-version":[{"id":1036,"href":"https:\/\/texigan.com\/index.php?rest_route=\/wp\/v2\/pages\/956\/revisions\/1036"}],"wp:attachment":[{"href":"https:\/\/texigan.com\/index.php?rest_route=%2Fwp%2Fv2%2Fmedia&parent=956"}],"curies":[{"name":"wp","href":"https:\/\/api.w.org\/{rel}","templated":true}]}}